{"id":1245,"date":"2023-04-07T19:45:53","date_gmt":"2023-04-08T00:45:53","guid":{"rendered":"https:\/\/idheas.org.mx\/personas-defensoras-ddhh-periodistas\/?page_id=1245"},"modified":"2023-04-12T11:47:33","modified_gmt":"2023-04-12T16:47:33","slug":"convocatorias-de-espana","status":"publish","type":"page","link":"https:\/\/idheas.org.mx\/personas-defensoras-ddhh-periodistas\/convocatorias-de-espana\/","title":{"rendered":"Convocatorias de Espa\u00f1a"},"content":{"rendered":"\t\t<div data-elementor-type=\"wp-page\" data-elementor-id=\"1245\" class=\"elementor elementor-1245\">\n\t\t\t\t\t\t\t\t\t<section class=\"elementor-section elementor-top-section elementor-element elementor-element-16746d60 elementor-section-boxed elementor-section-height-default elementor-section-height-default\" data-id=\"16746d60\" data-element_type=\"section\" id=\"info_section\" data-settings=\"{&quot;_ha_eqh_enable&quot;:false}\">\n\t\t\t\t\t\t<div class=\"elementor-container elementor-column-gap-default\">\n\t\t\t\t\t<div class=\"elementor-column elementor-col-100 elementor-top-column elementor-element elementor-element-66ec0716\" data-id=\"66ec0716\" data-element_type=\"column\">\n\t\t\t<div class=\"elementor-widget-wrap elementor-element-populated\">\n\t\t\t\t\t\t\t\t<div class=\"elementor-element elementor-element-5016c8a1 elementor-widget-tablet__width-initial elementor-widget-mobile__width-initial elementor-widget elementor-widget-heading\" data-id=\"5016c8a1\" data-element_type=\"widget\" data-widget_type=\"heading.default\">\n\t\t\t\t<div class=\"elementor-widget-container\">\n\t\t\t<style>\/*! elementor - v3.8.1 - 13-11-2022 *\/\n.elementor-heading-title{padding:0;margin:0;line-height:1}.elementor-widget-heading .elementor-heading-title[class*=elementor-size-]>a{color:inherit;font-size:inherit;line-height:inherit}.elementor-widget-heading .elementor-heading-title.elementor-size-small{font-size:15px}.elementor-widget-heading .elementor-heading-title.elementor-size-medium{font-size:19px}.elementor-widget-heading .elementor-heading-title.elementor-size-large{font-size:29px}.elementor-widget-heading .elementor-heading-title.elementor-size-xl{font-size:39px}.elementor-widget-heading .elementor-heading-title.elementor-size-xxl{font-size:59px}<\/style><h2 class=\"elementor-heading-title elementor-size-default\">Convocatorias de Espa\u00f1a<\/h2>\t\t<\/div>\n\t\t\t\t<\/div>\n\t\t\t\t<div class=\"elementor-element elementor-element-6d3aeb48 eael-dual-header-content-align-left elementor-widget elementor-widget-eael-dual-color-header\" data-id=\"6d3aeb48\" data-element_type=\"widget\" data-widget_type=\"eael-dual-color-header.default\">\n\t\t\t\t<div class=\"elementor-widget-container\">\n\t\t\t\n\t\t        <div class=\"eael-dual-header\">\n\t\t\t\t<h2 class=\"title\"><span  class=\"lead solid-color\"><\/span> <span><\/span><\/h2>\n\t\t\t\t<span class=\"subtext\"><p><strong>Convocatoria de la <\/strong><strong>IX edici\u00f3n del Premio de Derechos Humanos Rey de Espa\u00f1a.<\/strong><\/p><p>El Premio de Derechos Humanos Rey de Espa\u00f1a tiene por objeto premiar a las <u>entidades de naturaleza p\u00fablica o privada<\/u> que se hayan distinguido en Espa\u00f1a, Portugal y los diversos pa\u00edses de Iberoam\u00e9rica en la defensa, promoci\u00f3n y realizaci\u00f3n de los derechos humanos y los valores democr\u00e1ticos, o que hayan impulsado la investigaci\u00f3n o la puesta en pr\u00e1ctica de los programas de actuaci\u00f3n dirigidos a promover los derechos humanos y estos valores.<\/p><p>\u00a0El per\u00edodo de admisi\u00f3n de candidaturas comenzar\u00e1 el d\u00eda 27 de marzo y finalizar\u00e1 el 31 de julio de 2023.<\/p><p>A continuaci\u00f3n, se comparte las bases del Premio:<\/p><ol><li><a href=\"https:\/\/idheas.org.mx\/personas-defensoras-ddhh-periodistas\/wp-content\/uploads\/2023\/04\/1-Nota-explicativa-sobre-el-IX-Premio-de-Derechos-Humanos-Rey-de-Espana.pdf\">Nota explicativa sobre el IX Premio de Derechos Humanos Rey de Espa\u00f1a.<\/a><\/li><li><a href=\"https:\/\/idheas.org.mx\/personas-defensoras-ddhh-periodistas\/wp-content\/uploads\/2023\/04\/2.-Bases-para-la-postulacion-al-IX-Premio-de-Derechos-Humanos-Rey-de-Espana.pdf\">Bases para la postulaci\u00f3n.<\/a><\/li><li><a href=\"https:\/\/idheas.org.mx\/personas-defensoras-ddhh-periodistas\/wp-content\/uploads\/2023\/04\/3.-Formulario-que-diligenciar.pdf\">Formulario que diligenciar.<\/a><\/li><\/ol><\/span>\n\t\t\t\t<\/div>\n\t\n\t\t\n\t\t\n\t\t\n\t\t\t\t<\/div>\n\t\t\t\t<\/div>\n\t\t\t\t\t<\/div>\n\t\t<\/div>\n\t\t\t\t\t\t\t<\/div>\n\t\t<\/section>\n\t\t\t\t\t\t\t<\/div>\n\t\t","protected":false},"excerpt":{"rendered":"<p>Convocatorias de Espa\u00f1a Convocatoria de la IX edici\u00f3n del Premio de Derechos Humanos Rey de Espa\u00f1a. El Premio de Derechos Humanos Rey de Espa\u00f1a tiene por objeto premiar a las entidades de naturaleza p\u00fablica o privada que se hayan distinguido en Espa\u00f1a, Portugal y los diversos pa\u00edses de Iberoam\u00e9rica en la defensa, promoci\u00f3n y realizaci\u00f3n [&hellip;]<\/p>\n","protected":false},"author":1,"featured_media":0,"parent":0,"menu_order":0,"comment_status":"closed","ping_status":"closed","template":"","meta":{"footnotes":""},"class_list":["post-1245","page","type-page","status-publish","hentry"],"_links":{"self":[{"href":"https:\/\/idheas.org.mx\/personas-defensoras-ddhh-periodistas\/wp-json\/wp\/v2\/pages\/1245","targetHints":{"allow":["GET"]}}],"collection":[{"href":"https:\/\/idheas.org.mx\/personas-defensoras-ddhh-periodistas\/wp-json\/wp\/v2\/pages"}],"about":[{"href":"https:\/\/idheas.org.mx\/personas-defensoras-ddhh-periodistas\/wp-json\/wp\/v2\/types\/page"}],"author":[{"embeddable":true,"href":"https:\/\/idheas.org.mx\/personas-defensoras-ddhh-periodistas\/wp-json\/wp\/v2\/users\/1"}],"replies":[{"embeddable":true,"href":"https:\/\/idheas.org.mx\/personas-defensoras-ddhh-periodistas\/wp-json\/wp\/v2\/comments?post=1245"}],"version-history":[{"count":9,"href":"https:\/\/idheas.org.mx\/personas-defensoras-ddhh-periodistas\/wp-json\/wp\/v2\/pages\/1245\/revisions"}],"predecessor-version":[{"id":1262,"href":"https:\/\/idheas.org.mx\/personas-defensoras-ddhh-periodistas\/wp-json\/wp\/v2\/pages\/1245\/revisions\/1262"}],"wp:attachment":[{"href":"https:\/\/idheas.org.mx\/personas-defensoras-ddhh-periodistas\/wp-json\/wp\/v2\/media?parent=1245"}],"curies":[{"name":"wp","href":"https:\/\/api.w.org\/{rel}","templated":true}]}}