{"id":266,"date":"2022-11-20T21:35:03","date_gmt":"2022-11-21T02:35:03","guid":{"rendered":"https:\/\/idheas.org.mx\/personas-defensoras-ddhh-periodistas\/?page_id=266"},"modified":"2022-11-20T21:38:26","modified_gmt":"2022-11-21T02:38:26","slug":"fidh","status":"publish","type":"page","link":"https:\/\/idheas.org.mx\/personas-defensoras-ddhh-periodistas\/fidh\/","title":{"rendered":"FIDH"},"content":{"rendered":"\t\t<div data-elementor-type=\"wp-page\" data-elementor-id=\"266\" class=\"elementor elementor-266\">\n\t\t\t\t\t\t\t\t\t<section class=\"elementor-section elementor-top-section elementor-element elementor-element-16746d60 elementor-section-boxed elementor-section-height-default elementor-section-height-default\" data-id=\"16746d60\" data-element_type=\"section\" id=\"info_section\" data-settings=\"{&quot;_ha_eqh_enable&quot;:false}\">\n\t\t\t\t\t\t<div class=\"elementor-container elementor-column-gap-default\">\n\t\t\t\t\t<div class=\"elementor-column elementor-col-50 elementor-top-column elementor-element elementor-element-d5f10b5\" data-id=\"d5f10b5\" data-element_type=\"column\">\n\t\t\t<div class=\"elementor-widget-wrap elementor-element-populated\">\n\t\t\t\t\t\t\t\t<div class=\"elementor-element elementor-element-35a99ad elementor-widget elementor-widget-image\" data-id=\"35a99ad\" data-element_type=\"widget\" data-widget_type=\"image.default\">\n\t\t\t\t<div class=\"elementor-widget-container\">\n\t\t\t<style>\/*! elementor - v3.8.1 - 13-11-2022 *\/\n.elementor-widget-image{text-align:center}.elementor-widget-image a{display:inline-block}.elementor-widget-image a img[src$=\".svg\"]{width:48px}.elementor-widget-image img{vertical-align:middle;display:inline-block}<\/style>\t\t\t\t\t\t\t\t\t\t\t\t<img loading=\"lazy\" decoding=\"async\" width=\"800\" height=\"315\" src=\"https:\/\/idheas.org.mx\/personas-defensoras-ddhh-periodistas\/wp-content\/uploads\/2022\/11\/logo_fidh.jpeg\" class=\"attachment-large size-large\" alt=\"\" srcset=\"https:\/\/idheas.org.mx\/personas-defensoras-ddhh-periodistas\/wp-content\/uploads\/2022\/11\/logo_fidh.jpeg 800w, https:\/\/idheas.org.mx\/personas-defensoras-ddhh-periodistas\/wp-content\/uploads\/2022\/11\/logo_fidh-300x118.jpeg 300w, https:\/\/idheas.org.mx\/personas-defensoras-ddhh-periodistas\/wp-content\/uploads\/2022\/11\/logo_fidh-768x302.jpeg 768w\" sizes=\"auto, (max-width: 800px) 100vw, 800px\" \/>\t\t\t\t\t\t\t\t\t\t\t\t\t\t\t<\/div>\n\t\t\t\t<\/div>\n\t\t\t\t\t<\/div>\n\t\t<\/div>\n\t\t\t\t<div class=\"elementor-column elementor-col-50 elementor-top-column elementor-element elementor-element-66ec0716\" data-id=\"66ec0716\" data-element_type=\"column\">\n\t\t\t<div class=\"elementor-widget-wrap elementor-element-populated\">\n\t\t\t\t\t\t\t\t<div class=\"elementor-element elementor-element-5016c8a1 elementor-widget-tablet__width-initial elementor-widget-mobile__width-initial elementor-widget elementor-widget-heading\" data-id=\"5016c8a1\" data-element_type=\"widget\" data-widget_type=\"heading.default\">\n\t\t\t\t<div class=\"elementor-widget-container\">\n\t\t\t<style>\/*! elementor - v3.8.1 - 13-11-2022 *\/\n.elementor-heading-title{padding:0;margin:0;line-height:1}.elementor-widget-heading .elementor-heading-title[class*=elementor-size-]>a{color:inherit;font-size:inherit;line-height:inherit}.elementor-widget-heading .elementor-heading-title.elementor-size-small{font-size:15px}.elementor-widget-heading .elementor-heading-title.elementor-size-medium{font-size:19px}.elementor-widget-heading .elementor-heading-title.elementor-size-large{font-size:29px}.elementor-widget-heading .elementor-heading-title.elementor-size-xl{font-size:39px}.elementor-widget-heading .elementor-heading-title.elementor-size-xxl{font-size:59px}<\/style><h2 class=\"elementor-heading-title elementor-size-default\">FIDH<\/h2>\t\t<\/div>\n\t\t\t\t<\/div>\n\t\t\t\t<div class=\"elementor-element elementor-element-6d3aeb48 eael-dual-header-content-align-left elementor-widget elementor-widget-eael-dual-color-header\" data-id=\"6d3aeb48\" data-element_type=\"widget\" data-widget_type=\"eael-dual-color-header.default\">\n\t\t\t\t<div class=\"elementor-widget-container\">\n\t\t\t\n\t\t        <div class=\"eael-dual-header\">\n\t\t\t\t<h2 class=\"title\"><span  class=\"lead solid-color\"><\/span> <span><\/span><\/h2>\n\t\t\t\t<span class=\"subtext\"><p>La FIDH (Federaci\u00f3n Internacional por los Derechos Humanos) es una ONG internacional de defensa de los derechos humanos, que agrupa a 192 organizaciones nacionales de derechos humanos de 117 pa\u00edses. Desde 1922, la FIDH est\u00e1 comprometida con la defensa de todos los derechos civiles, pol\u00edticos, econ\u00f3micos, sociales y culturales, seg\u00fan se definen en la Declaraci\u00f3n Universal de Derechos Humanos.<\/p><p>En 1997 cre\u00f3 en asociaci\u00f3n con la\u00a0Organizaci\u00f3n Mundial contra la Tortura (OMCT) el Observatorio para la Protecci\u00f3n de los Defensores de Derechos Humanos. A trav\u00e9s del Observatorio, la FIDH busca actuar a favor de toda persona que se vea expuesta a represalias debido a su labor de defensa de los derechos humanos, con independencia de sus atribuciones, t\u00edtulo o funci\u00f3n, entre los cuales est\u00e1n: Trabajadores y activistas asociativos, abogados, periodistas, sindicalistas, l\u00edderes rurales y comunitarios o meros ciudadanos, el objetivo de la FIDH es garantizar que sus voces se oigan y terminar con su aislamiento y marginaci\u00f3n.<\/p><p>Para m\u00e1s informaci\u00f3n LEER <a href=\"https:\/\/www.fidh.org\/es\/temas\/defensores-de-derechos-humanos\/\">https:\/\/www.fidh.org\/es\/temas\/defensores-de-derechos-humanos\/<\/a><\/p><\/span>\n\t\t\t\t<\/div>\n\t\n\t\t\n\t\t\n\t\t\n\t\t\t\t<\/div>\n\t\t\t\t<\/div>\n\t\t\t\t\t<\/div>\n\t\t<\/div>\n\t\t\t\t\t\t\t<\/div>\n\t\t<\/section>\n\t\t\t\t\t\t\t<\/div>\n\t\t","protected":false},"excerpt":{"rendered":"<p>FIDH La FIDH (Federaci\u00f3n Internacional por los Derechos Humanos) es una ONG internacional de defensa de los derechos humanos, que agrupa a 192 organizaciones nacionales de derechos humanos de 117 pa\u00edses. Desde 1922, la FIDH est\u00e1 comprometida con la defensa de todos los derechos civiles, pol\u00edticos, econ\u00f3micos, sociales y culturales, seg\u00fan se definen en la [&hellip;]<\/p>\n","protected":false},"author":1,"featured_media":0,"parent":0,"menu_order":0,"comment_status":"closed","ping_status":"closed","template":"","meta":{"footnotes":""},"class_list":["post-266","page","type-page","status-publish","hentry"],"_links":{"self":[{"href":"https:\/\/idheas.org.mx\/personas-defensoras-ddhh-periodistas\/wp-json\/wp\/v2\/pages\/266","targetHints":{"allow":["GET"]}}],"collection":[{"href":"https:\/\/idheas.org.mx\/personas-defensoras-ddhh-periodistas\/wp-json\/wp\/v2\/pages"}],"about":[{"href":"https:\/\/idheas.org.mx\/personas-defensoras-ddhh-periodistas\/wp-json\/wp\/v2\/types\/page"}],"author":[{"embeddable":true,"href":"https:\/\/idheas.org.mx\/personas-defensoras-ddhh-periodistas\/wp-json\/wp\/v2\/users\/1"}],"replies":[{"embeddable":true,"href":"https:\/\/idheas.org.mx\/personas-defensoras-ddhh-periodistas\/wp-json\/wp\/v2\/comments?post=266"}],"version-history":[{"count":4,"href":"https:\/\/idheas.org.mx\/personas-defensoras-ddhh-periodistas\/wp-json\/wp\/v2\/pages\/266\/revisions"}],"predecessor-version":[{"id":274,"href":"https:\/\/idheas.org.mx\/personas-defensoras-ddhh-periodistas\/wp-json\/wp\/v2\/pages\/266\/revisions\/274"}],"wp:attachment":[{"href":"https:\/\/idheas.org.mx\/personas-defensoras-ddhh-periodistas\/wp-json\/wp\/v2\/media?parent=266"}],"curies":[{"name":"wp","href":"https:\/\/api.w.org\/{rel}","templated":true}]}}