{"id":740,"date":"2022-11-22T00:03:21","date_gmt":"2022-11-22T05:03:21","guid":{"rendered":"https:\/\/idheas.org.mx\/personas-defensoras-ddhh-periodistas\/?page_id=740"},"modified":"2022-11-22T00:03:53","modified_gmt":"2022-11-22T05:03:53","slug":"busqueda-de-personas-desaparecidas-3","status":"publish","type":"page","link":"https:\/\/idheas.org.mx\/personas-defensoras-ddhh-periodistas\/busqueda-de-personas-desaparecidas-3\/","title":{"rendered":"B\u00fasqueda de personas desaparecidas"},"content":{"rendered":"\t\t<div data-elementor-type=\"wp-page\" data-elementor-id=\"740\" class=\"elementor elementor-740\">\n\t\t\t\t\t\t\t\t\t<section class=\"elementor-section elementor-top-section elementor-element elementor-element-40aed8ae elementor-section-height-min-height elementor-section-full_width elementor-section-height-default elementor-section-items-middle\" data-id=\"40aed8ae\" data-element_type=\"section\" data-settings=\"{&quot;background_background&quot;:&quot;classic&quot;,&quot;_ha_eqh_enable&quot;:false}\">\n\t\t\t\t\t\t<div class=\"elementor-container elementor-column-gap-default\">\n\t\t\t\t\t<div class=\"elementor-column elementor-col-100 elementor-top-column elementor-element elementor-element-4b8cbff6\" data-id=\"4b8cbff6\" data-element_type=\"column\">\n\t\t\t<div class=\"elementor-widget-wrap elementor-element-populated\">\n\t\t\t\t\t\t\t\t<div class=\"elementor-element elementor-element-52a749d9 elementor-widget elementor-widget-heading\" data-id=\"52a749d9\" data-element_type=\"widget\" data-widget_type=\"heading.default\">\n\t\t\t\t<div class=\"elementor-widget-container\">\n\t\t\t<style>\/*! elementor - v3.8.1 - 13-11-2022 *\/\n.elementor-heading-title{padding:0;margin:0;line-height:1}.elementor-widget-heading .elementor-heading-title[class*=elementor-size-]>a{color:inherit;font-size:inherit;line-height:inherit}.elementor-widget-heading .elementor-heading-title.elementor-size-small{font-size:15px}.elementor-widget-heading .elementor-heading-title.elementor-size-medium{font-size:19px}.elementor-widget-heading .elementor-heading-title.elementor-size-large{font-size:29px}.elementor-widget-heading .elementor-heading-title.elementor-size-xl{font-size:39px}.elementor-widget-heading .elementor-heading-title.elementor-size-xxl{font-size:59px}<\/style><h1 class=\"elementor-heading-title elementor-size-default\">B\u00fasqueda de personas desaparecidas<\/h1>\t\t<\/div>\n\t\t\t\t<\/div>\n\t\t\t\t\t<\/div>\n\t\t<\/div>\n\t\t\t\t\t\t\t<\/div>\n\t\t<\/section>\n\t\t\t\t<section class=\"elementor-section elementor-top-section elementor-element elementor-element-5d3e62c0 elementor-section-full_width elementor-section-height-default elementor-section-height-default\" data-id=\"5d3e62c0\" data-element_type=\"section\" data-settings=\"{&quot;background_background&quot;:&quot;classic&quot;,&quot;_ha_eqh_enable&quot;:false}\">\n\t\t\t\t\t\t<div class=\"elementor-container elementor-column-gap-default\">\n\t\t\t\t\t<div class=\"elementor-column elementor-col-100 elementor-top-column elementor-element elementor-element-b018baf\" data-id=\"b018baf\" data-element_type=\"column\">\n\t\t\t<div class=\"elementor-widget-wrap elementor-element-populated\">\n\t\t\t\t\t\t\t\t<div class=\"elementor-element elementor-element-00fb33b elementor-grid-2 elementor-posts--align-center elementor-grid-tablet-2 elementor-grid-mobile-1 elementor-posts--thumbnail-top elementor-card-shadow-yes elementor-posts__hover-gradient elementor-widget elementor-widget-posts\" data-id=\"00fb33b\" data-element_type=\"widget\" data-settings=\"{&quot;cards_columns&quot;:&quot;2&quot;,&quot;cards_row_gap&quot;:{&quot;unit&quot;:&quot;px&quot;,&quot;size&quot;:&quot;30&quot;,&quot;sizes&quot;:[]},&quot;pagination_type&quot;:&quot;prev_next&quot;,&quot;cards_columns_tablet&quot;:&quot;2&quot;,&quot;cards_columns_mobile&quot;:&quot;1&quot;,&quot;cards_row_gap_tablet&quot;:{&quot;unit&quot;:&quot;px&quot;,&quot;size&quot;:&quot;&quot;,&quot;sizes&quot;:[]},&quot;cards_row_gap_mobile&quot;:{&quot;unit&quot;:&quot;px&quot;,&quot;size&quot;:&quot;&quot;,&quot;sizes&quot;:[]}}\" data-widget_type=\"posts.cards\">\n\t\t\t\t<div class=\"elementor-widget-container\">\n\t\t\t<link rel=\"stylesheet\" href=\"https:\/\/idheas.org.mx\/personas-defensoras-ddhh-periodistas\/wp-content\/plugins\/elementor-pro\/assets\/css\/widget-posts.min.css\">\t\t<div class=\"elementor-posts-container elementor-posts elementor-posts--skin-cards elementor-grid\">\n\t\t\t\t<article class=\"elementor-post elementor-grid-item post-583 post type-post status-publish format-standard has-post-thumbnail hentry category-busqueda-de-personas-desaparecidas-sistema-universal-ddhh\">\n\t\t\t<div class=\"elementor-post__card\">\n\t\t\t\t<a class=\"elementor-post__thumbnail__link\" href=\"https:\/\/idheas.org.mx\/personas-defensoras-ddhh-periodistas\/informe-sobre-las-peticiones-de-accion-urgentepresentadas-en-virtud-del-articulo-30-de-laconvencion\/\" ><div class=\"elementor-post__thumbnail\"><img loading=\"lazy\" decoding=\"async\" width=\"300\" height=\"153\" src=\"https:\/\/idheas.org.mx\/personas-defensoras-ddhh-periodistas\/wp-content\/uploads\/2022\/06\/A-U-300x153.png\" class=\"attachment-medium size-medium\" alt=\"\" srcset=\"https:\/\/idheas.org.mx\/personas-defensoras-ddhh-periodistas\/wp-content\/uploads\/2022\/06\/A-U-300x153.png 300w, https:\/\/idheas.org.mx\/personas-defensoras-ddhh-periodistas\/wp-content\/uploads\/2022\/06\/A-U.png 751w\" sizes=\"auto, (max-width: 300px) 100vw, 300px\" \/><\/div><\/a>\n\t\t\t\t<div class=\"elementor-post__badge\">Busqueda de personas desaparecidas<\/div>\n\t\t\t\t<div class=\"elementor-post__text\">\n\t\t\t\t<h3 class=\"elementor-post__title\">\n\t\t\t<a href=\"https:\/\/idheas.org.mx\/personas-defensoras-ddhh-periodistas\/informe-sobre-las-peticiones-de-accion-urgentepresentadas-en-virtud-del-articulo-30-de-laconvencion\/\" >\n\t\t\t\tInforme sobre las peticiones de acci\u00f3n urgente<br>presentadas en virtud del art\u00edculo 30 de la<br>Convenci\u00f3n\t\t\t<\/a>\n\t\t<\/h3>\n\t\t\t\t<\/div>\n\t\t\t\t<div class=\"elementor-post__meta-data\">\n\t\t\t\t\t<span class=\"elementor-post-date\">\n\t\t\t3 junio, 2022\t\t<\/span>\n\t\t\t\t<\/div>\n\t\t\t\t\t<\/div>\n\t\t<\/article>\n\t\t\t\t<article class=\"elementor-post elementor-grid-item post-581 post type-post status-publish format-standard has-post-thumbnail hentry category-busqueda-de-personas-desaparecidas-sistema-universal-ddhh\">\n\t\t\t<div class=\"elementor-post__card\">\n\t\t\t\t<a class=\"elementor-post__thumbnail__link\" href=\"https:\/\/idheas.org.mx\/personas-defensoras-ddhh-periodistas\/informe-del-comite-contra-la-desaparicion-forzada-sobre-su-visita-a-mexico-en-virtud-del-articulo-33-de-la-convencion\/\" ><div class=\"elementor-post__thumbnail\"><img loading=\"lazy\" decoding=\"async\" width=\"300\" height=\"184\" src=\"https:\/\/idheas.org.mx\/personas-defensoras-ddhh-periodistas\/wp-content\/uploads\/2022\/05\/findings-300x184.png\" class=\"attachment-medium size-medium\" alt=\"\" srcset=\"https:\/\/idheas.org.mx\/personas-defensoras-ddhh-periodistas\/wp-content\/uploads\/2022\/05\/findings-300x184.png 300w, https:\/\/idheas.org.mx\/personas-defensoras-ddhh-periodistas\/wp-content\/uploads\/2022\/05\/findings-768x471.png 768w, https:\/\/idheas.org.mx\/personas-defensoras-ddhh-periodistas\/wp-content\/uploads\/2022\/05\/findings.png 952w\" sizes=\"auto, (max-width: 300px) 100vw, 300px\" \/><\/div><\/a>\n\t\t\t\t<div class=\"elementor-post__badge\">Busqueda de personas desaparecidas<\/div>\n\t\t\t\t<div class=\"elementor-post__text\">\n\t\t\t\t<h3 class=\"elementor-post__title\">\n\t\t\t<a href=\"https:\/\/idheas.org.mx\/personas-defensoras-ddhh-periodistas\/informe-del-comite-contra-la-desaparicion-forzada-sobre-su-visita-a-mexico-en-virtud-del-articulo-33-de-la-convencion\/\" >\n\t\t\t\tInforme del Comit\u00e9 contra la Desaparici\u00f3n Forzada sobre su visita a M\u00e9xico en virtud del art\u00edculo 33 de la Convenci\u00f3n\t\t\t<\/a>\n\t\t<\/h3>\n\t\t\t\t<\/div>\n\t\t\t\t<div class=\"elementor-post__meta-data\">\n\t\t\t\t\t<span class=\"elementor-post-date\">\n\t\t\t18 mayo, 2022\t\t<\/span>\n\t\t\t\t<\/div>\n\t\t\t\t\t<\/div>\n\t\t<\/article>\n\t\t\t\t<article class=\"elementor-post elementor-grid-item post-582 post type-post status-publish format-standard has-post-thumbnail hentry category-busqueda-de-personas-desaparecidas-sistema-universal-ddhh\">\n\t\t\t<div class=\"elementor-post__card\">\n\t\t\t\t<a class=\"elementor-post__thumbnail__link\" href=\"https:\/\/idheas.org.mx\/personas-defensoras-ddhh-periodistas\/informe-del-comite-contra-la-desaparicion-forzada-sobre-su-visita-a-mexico-en-virtud-del-articulo-33-de-la-convencion-2\/\" ><div class=\"elementor-post__thumbnail\"><img loading=\"lazy\" decoding=\"async\" width=\"300\" height=\"188\" src=\"https:\/\/idheas.org.mx\/personas-defensoras-ddhh-periodistas\/wp-content\/uploads\/2022\/05\/Recomendaciones-300x188.png\" class=\"attachment-medium size-medium\" alt=\"\" srcset=\"https:\/\/idheas.org.mx\/personas-defensoras-ddhh-periodistas\/wp-content\/uploads\/2022\/05\/Recomendaciones-300x188.png 300w, https:\/\/idheas.org.mx\/personas-defensoras-ddhh-periodistas\/wp-content\/uploads\/2022\/05\/Recomendaciones-768x481.png 768w, https:\/\/idheas.org.mx\/personas-defensoras-ddhh-periodistas\/wp-content\/uploads\/2022\/05\/Recomendaciones.png 972w\" sizes=\"auto, (max-width: 300px) 100vw, 300px\" \/><\/div><\/a>\n\t\t\t\t<div class=\"elementor-post__badge\">Busqueda de personas desaparecidas<\/div>\n\t\t\t\t<div class=\"elementor-post__text\">\n\t\t\t\t<h3 class=\"elementor-post__title\">\n\t\t\t<a href=\"https:\/\/idheas.org.mx\/personas-defensoras-ddhh-periodistas\/informe-del-comite-contra-la-desaparicion-forzada-sobre-su-visita-a-mexico-en-virtud-del-articulo-33-de-la-convencion-2\/\" >\n\t\t\t\tInforme del Comit\u00e9 contra la Desaparici\u00f3n Forzada sobre su visita a M\u00e9xico en virtud del art\u00edculo 33 de la Convenci\u00f3n\t\t\t<\/a>\n\t\t<\/h3>\n\t\t\t\t<\/div>\n\t\t\t\t<div class=\"elementor-post__meta-data\">\n\t\t\t\t\t<span class=\"elementor-post-date\">\n\t\t\t16 mayo, 2022\t\t<\/span>\n\t\t\t\t<\/div>\n\t\t\t\t\t<\/div>\n\t\t<\/article>\n\t\t\t\t<article class=\"elementor-post elementor-grid-item post-553 post type-post status-publish format-standard has-post-thumbnail hentry category-busqueda-de-personas-desaparecidas-sistema-universal-ddhh\">\n\t\t\t<div class=\"elementor-post__card\">\n\t\t\t\t<a class=\"elementor-post__thumbnail__link\" href=\"https:\/\/idheas.org.mx\/personas-defensoras-ddhh-periodistas\/busqueda-de-personas-desaparecidascon-perspectiva-de-genero\/\" ><div class=\"elementor-post__thumbnail\"><img loading=\"lazy\" decoding=\"async\" width=\"300\" height=\"137\" src=\"https:\/\/idheas.org.mx\/personas-defensoras-ddhh-periodistas\/wp-content\/uploads\/2022\/01\/busqueda-genero-300x137.png\" class=\"attachment-medium size-medium\" alt=\"\" srcset=\"https:\/\/idheas.org.mx\/personas-defensoras-ddhh-periodistas\/wp-content\/uploads\/2022\/01\/busqueda-genero-300x137.png 300w, https:\/\/idheas.org.mx\/personas-defensoras-ddhh-periodistas\/wp-content\/uploads\/2022\/01\/busqueda-genero.png 598w\" sizes=\"auto, (max-width: 300px) 100vw, 300px\" \/><\/div><\/a>\n\t\t\t\t<div class=\"elementor-post__badge\">Busqueda de personas desaparecidas<\/div>\n\t\t\t\t<div class=\"elementor-post__text\">\n\t\t\t\t<h3 class=\"elementor-post__title\">\n\t\t\t<a href=\"https:\/\/idheas.org.mx\/personas-defensoras-ddhh-periodistas\/busqueda-de-personas-desaparecidascon-perspectiva-de-genero\/\" >\n\t\t\t\tB\u00fasqueda de personas desaparecidas con perspectiva de g\u00e9nero\t\t\t<\/a>\n\t\t<\/h3>\n\t\t\t\t<\/div>\n\t\t\t\t<div class=\"elementor-post__meta-data\">\n\t\t\t\t\t<span class=\"elementor-post-date\">\n\t\t\t21 enero, 2022\t\t<\/span>\n\t\t\t\t<\/div>\n\t\t\t\t\t<\/div>\n\t\t<\/article>\n\t\t\t\t<article class=\"elementor-post elementor-grid-item post-542 post type-post status-publish format-standard has-post-thumbnail hentry category-busqueda-de-personas-desaparecidas-sistema-universal-ddhh\">\n\t\t\t<div class=\"elementor-post__card\">\n\t\t\t\t<a class=\"elementor-post__thumbnail__link\" href=\"https:\/\/idheas.org.mx\/personas-defensoras-ddhh-periodistas\/acciones-urgentes-comite-contra-la-desaparicion-forzada\/\" ><div class=\"elementor-post__thumbnail\"><img loading=\"lazy\" decoding=\"async\" width=\"300\" height=\"51\" src=\"https:\/\/idheas.org.mx\/personas-defensoras-ddhh-periodistas\/wp-content\/uploads\/2022\/01\/acciones-urg-300x51.png\" class=\"attachment-medium size-medium\" alt=\"\" srcset=\"https:\/\/idheas.org.mx\/personas-defensoras-ddhh-periodistas\/wp-content\/uploads\/2022\/01\/acciones-urg-300x51.png 300w, https:\/\/idheas.org.mx\/personas-defensoras-ddhh-periodistas\/wp-content\/uploads\/2022\/01\/acciones-urg.png 555w\" sizes=\"auto, (max-width: 300px) 100vw, 300px\" \/><\/div><\/a>\n\t\t\t\t<div class=\"elementor-post__badge\">Busqueda de personas desaparecidas<\/div>\n\t\t\t\t<div class=\"elementor-post__text\">\n\t\t\t\t<h3 class=\"elementor-post__title\">\n\t\t\t<a href=\"https:\/\/idheas.org.mx\/personas-defensoras-ddhh-periodistas\/acciones-urgentes-comite-contra-la-desaparicion-forzada\/\" >\n\t\t\t\tAcciones urgentes, Comit\u00e9 contra la Desaparici\u00f3n Forzada\t\t\t<\/a>\n\t\t<\/h3>\n\t\t\t\t<\/div>\n\t\t\t\t<div class=\"elementor-post__meta-data\">\n\t\t\t\t\t<span class=\"elementor-post-date\">\n\t\t\t21 enero, 2022\t\t<\/span>\n\t\t\t\t<\/div>\n\t\t\t\t\t<\/div>\n\t\t<\/article>\n\t\t\t\t<article class=\"elementor-post elementor-grid-item post-572 post type-post status-publish format-standard has-post-thumbnail hentry category-busqueda-de-personas-desaparecidas-sistema-universal-ddhh\">\n\t\t\t<div class=\"elementor-post__card\">\n\t\t\t\t<a class=\"elementor-post__thumbnail__link\" href=\"https:\/\/idheas.org.mx\/personas-defensoras-ddhh-periodistas\/guia-para-la-presentacion-al-comite-de-una-peticion-de-accion-urgente\/\" ><div class=\"elementor-post__thumbnail\"><img loading=\"lazy\" decoding=\"async\" width=\"300\" height=\"151\" src=\"https:\/\/idheas.org.mx\/personas-defensoras-ddhh-periodistas\/wp-content\/uploads\/2021\/05\/guia-AU-300x151.png\" class=\"attachment-medium size-medium\" alt=\"\" srcset=\"https:\/\/idheas.org.mx\/personas-defensoras-ddhh-periodistas\/wp-content\/uploads\/2021\/05\/guia-AU-300x151.png 300w, https:\/\/idheas.org.mx\/personas-defensoras-ddhh-periodistas\/wp-content\/uploads\/2021\/05\/guia-AU-768x388.png 768w, https:\/\/idheas.org.mx\/personas-defensoras-ddhh-periodistas\/wp-content\/uploads\/2021\/05\/guia-AU.png 987w\" sizes=\"auto, (max-width: 300px) 100vw, 300px\" \/><\/div><\/a>\n\t\t\t\t<div class=\"elementor-post__badge\">Busqueda de personas desaparecidas<\/div>\n\t\t\t\t<div class=\"elementor-post__text\">\n\t\t\t\t<h3 class=\"elementor-post__title\">\n\t\t\t<a href=\"https:\/\/idheas.org.mx\/personas-defensoras-ddhh-periodistas\/guia-para-la-presentacion-al-comite-de-una-peticion-de-accion-urgente\/\" >\n\t\t\t\tGu\u00eda para la presentaci\u00f3n de una petici\u00f3n de acci\u00f3n urgente ante el Comit\u00e9 contra la Desaparici\u00f3n Forzada\t\t\t<\/a>\n\t\t<\/h3>\n\t\t\t\t<\/div>\n\t\t\t\t<div class=\"elementor-post__meta-data\">\n\t\t\t\t\t<span class=\"elementor-post-date\">\n\t\t\t27 mayo, 2021\t\t<\/span>\n\t\t\t\t<\/div>\n\t\t\t\t\t<\/div>\n\t\t<\/article>\n\t\t\t\t<article class=\"elementor-post elementor-grid-item post-571 post type-post status-publish format-standard has-post-thumbnail hentry category-busqueda-de-personas-desaparecidas-sistema-universal-ddhh\">\n\t\t\t<div class=\"elementor-post__card\">\n\t\t\t\t<a class=\"elementor-post__thumbnail__link\" href=\"https:\/\/idheas.org.mx\/personas-defensoras-ddhh-periodistas\/directrices-para-prevenir-y-combatir-la-intimidacion-y-las-represalias-contra-las-personas-y-los-grupos-que-cooperan-con-el-comite\/\" ><div class=\"elementor-post__thumbnail\"><img loading=\"lazy\" decoding=\"async\" width=\"300\" height=\"161\" src=\"https:\/\/idheas.org.mx\/personas-defensoras-ddhh-periodistas\/wp-content\/uploads\/2021\/04\/Represalias-directircies-300x161.png\" class=\"attachment-medium size-medium\" alt=\"\" srcset=\"https:\/\/idheas.org.mx\/personas-defensoras-ddhh-periodistas\/wp-content\/uploads\/2021\/04\/Represalias-directircies-300x161.png 300w, https:\/\/idheas.org.mx\/personas-defensoras-ddhh-periodistas\/wp-content\/uploads\/2021\/04\/Represalias-directircies-768x413.png 768w, https:\/\/idheas.org.mx\/personas-defensoras-ddhh-periodistas\/wp-content\/uploads\/2021\/04\/Represalias-directircies.png 977w\" sizes=\"auto, (max-width: 300px) 100vw, 300px\" \/><\/div><\/a>\n\t\t\t\t<div class=\"elementor-post__badge\">Busqueda de personas desaparecidas<\/div>\n\t\t\t\t<div class=\"elementor-post__text\">\n\t\t\t\t<h3 class=\"elementor-post__title\">\n\t\t\t<a href=\"https:\/\/idheas.org.mx\/personas-defensoras-ddhh-periodistas\/directrices-para-prevenir-y-combatir-la-intimidacion-y-las-represalias-contra-las-personas-y-los-grupos-que-cooperan-con-el-comite\/\" >\n\t\t\t\tDirectrices para prevenir y combatir la intimidaci\u00f3n y las represalias contra las personas y los grupos que cooperan con el Comit\u00e9\t\t\t<\/a>\n\t\t<\/h3>\n\t\t\t\t<\/div>\n\t\t\t\t<div class=\"elementor-post__meta-data\">\n\t\t\t\t\t<span class=\"elementor-post-date\">\n\t\t\t20 abril, 2021\t\t<\/span>\n\t\t\t\t<\/div>\n\t\t\t\t\t<\/div>\n\t\t<\/article>\n\t\t\t\t<article class=\"elementor-post elementor-grid-item post-570 post type-post status-publish format-standard has-post-thumbnail hentry category-busqueda-de-personas-desaparecidas-sistema-universal-ddhh\">\n\t\t\t<div class=\"elementor-post__card\">\n\t\t\t\t<a class=\"elementor-post__thumbnail__link\" href=\"https:\/\/idheas.org.mx\/personas-defensoras-ddhh-periodistas\/principios-rectores-para-la-busqueda-de-personasdesaparecidas\/\" ><div class=\"elementor-post__thumbnail\"><img loading=\"lazy\" decoding=\"async\" width=\"300\" height=\"150\" src=\"https:\/\/idheas.org.mx\/personas-defensoras-ddhh-periodistas\/wp-content\/uploads\/2019\/05\/Principios-busqueda-300x150.png\" class=\"attachment-medium size-medium\" alt=\"\" srcset=\"https:\/\/idheas.org.mx\/personas-defensoras-ddhh-periodistas\/wp-content\/uploads\/2019\/05\/Principios-busqueda-300x150.png 300w, https:\/\/idheas.org.mx\/personas-defensoras-ddhh-periodistas\/wp-content\/uploads\/2019\/05\/Principios-busqueda-768x383.png 768w, https:\/\/idheas.org.mx\/personas-defensoras-ddhh-periodistas\/wp-content\/uploads\/2019\/05\/Principios-busqueda.png 967w\" sizes=\"auto, (max-width: 300px) 100vw, 300px\" \/><\/div><\/a>\n\t\t\t\t<div class=\"elementor-post__badge\">Busqueda de personas desaparecidas<\/div>\n\t\t\t\t<div class=\"elementor-post__text\">\n\t\t\t\t<h3 class=\"elementor-post__title\">\n\t\t\t<a href=\"https:\/\/idheas.org.mx\/personas-defensoras-ddhh-periodistas\/principios-rectores-para-la-busqueda-de-personasdesaparecidas\/\" >\n\t\t\t\tPrincipios rectores para la b\u00fasqueda de personas<br>desaparecidas\t\t\t<\/a>\n\t\t<\/h3>\n\t\t\t\t<\/div>\n\t\t\t\t<div class=\"elementor-post__meta-data\">\n\t\t\t\t\t<span class=\"elementor-post-date\">\n\t\t\t8 mayo, 2019\t\t<\/span>\n\t\t\t\t<\/div>\n\t\t\t\t\t<\/div>\n\t\t<\/article>\n\t\t\t\t<article class=\"elementor-post elementor-grid-item post-569 post type-post status-publish format-standard has-post-thumbnail hentry category-busqueda-de-personas-desaparecidas-sistema-universal-ddhh\">\n\t\t\t<div class=\"elementor-post__card\">\n\t\t\t\t<a class=\"elementor-post__thumbnail__link\" href=\"https:\/\/idheas.org.mx\/personas-defensoras-ddhh-periodistas\/report-of-the-working-group-on-enforced-or-involuntary-disappearances\/\" ><div class=\"elementor-post__thumbnail\"><img loading=\"lazy\" decoding=\"async\" width=\"300\" height=\"174\" src=\"https:\/\/idheas.org.mx\/personas-defensoras-ddhh-periodistas\/wp-content\/uploads\/2015\/09\/Report-1-300x174.png\" class=\"attachment-medium size-medium\" alt=\"\" srcset=\"https:\/\/idheas.org.mx\/personas-defensoras-ddhh-periodistas\/wp-content\/uploads\/2015\/09\/Report-1-300x174.png 300w, https:\/\/idheas.org.mx\/personas-defensoras-ddhh-periodistas\/wp-content\/uploads\/2015\/09\/Report-1.png 600w\" sizes=\"auto, (max-width: 300px) 100vw, 300px\" \/><\/div><\/a>\n\t\t\t\t<div class=\"elementor-post__badge\">Busqueda de personas desaparecidas<\/div>\n\t\t\t\t<div class=\"elementor-post__text\">\n\t\t\t\t<h3 class=\"elementor-post__title\">\n\t\t\t<a href=\"https:\/\/idheas.org.mx\/personas-defensoras-ddhh-periodistas\/report-of-the-working-group-on-enforced-or-involuntary-disappearances\/\" >\n\t\t\t\tReporte del Grupo de Trabajo sobre Desapariciones Forzadas o Involuntarias\t\t\t<\/a>\n\t\t<\/h3>\n\t\t\t\t<\/div>\n\t\t\t\t<div class=\"elementor-post__meta-data\">\n\t\t\t\t\t<span class=\"elementor-post-date\">\n\t\t\t11 septiembre, 2015\t\t<\/span>\n\t\t\t\t<\/div>\n\t\t\t\t\t<\/div>\n\t\t<\/article>\n\t\t\t\t<article class=\"elementor-post elementor-grid-item post-558 post type-post status-publish format-standard has-post-thumbnail hentry category-busqueda-de-personas-desaparecidas-sistema-universal-ddhh\">\n\t\t\t<div class=\"elementor-post__card\">\n\t\t\t\t<a class=\"elementor-post__thumbnail__link\" href=\"https:\/\/idheas.org.mx\/personas-defensoras-ddhh-periodistas\/observaciones-finales-sobre-el-informe-presentado-por-mexico-en-virtud-del-articulo-29-parrafo-1-de-la-convencion\/\" ><div class=\"elementor-post__thumbnail\"><img loading=\"lazy\" decoding=\"async\" width=\"300\" height=\"180\" src=\"https:\/\/idheas.org.mx\/personas-defensoras-ddhh-periodistas\/wp-content\/uploads\/2015\/03\/CED-1-300x180.png\" class=\"attachment-medium size-medium\" alt=\"\" srcset=\"https:\/\/idheas.org.mx\/personas-defensoras-ddhh-periodistas\/wp-content\/uploads\/2015\/03\/CED-1-300x180.png 300w, https:\/\/idheas.org.mx\/personas-defensoras-ddhh-periodistas\/wp-content\/uploads\/2015\/03\/CED-1-768x460.png 768w, https:\/\/idheas.org.mx\/personas-defensoras-ddhh-periodistas\/wp-content\/uploads\/2015\/03\/CED-1.png 1013w\" sizes=\"auto, (max-width: 300px) 100vw, 300px\" \/><\/div><\/a>\n\t\t\t\t<div class=\"elementor-post__badge\">Busqueda de personas desaparecidas<\/div>\n\t\t\t\t<div class=\"elementor-post__text\">\n\t\t\t\t<h3 class=\"elementor-post__title\">\n\t\t\t<a href=\"https:\/\/idheas.org.mx\/personas-defensoras-ddhh-periodistas\/observaciones-finales-sobre-el-informe-presentado-por-mexico-en-virtud-del-articulo-29-parrafo-1-de-la-convencion\/\" >\n\t\t\t\tObservaciones finales sobre el informe presentado por M\u00e9xico en virtud del art\u00edculo 29, p\u00e1rrafo 1, de la Convenci\u00f3n\t\t\t<\/a>\n\t\t<\/h3>\n\t\t\t\t<\/div>\n\t\t\t\t<div class=\"elementor-post__meta-data\">\n\t\t\t\t\t<span class=\"elementor-post-date\">\n\t\t\t5 marzo, 2015\t\t<\/span>\n\t\t\t\t<\/div>\n\t\t\t\t\t<\/div>\n\t\t<\/article>\n\t\t\t\t<\/div>\n\t\t\n\t\t\t\t<div class=\"e-load-more-anchor\" data-page=\"1\" data-max-page=\"2\" data-next-page=\"https:\/\/idheas.org.mx\/personas-defensoras-ddhh-periodistas\/wp-json\/wp\/v2\/pages\/740\/page\/2\/\"><\/div>\n\t\t\t\t<nav class=\"elementor-pagination\" aria-label=\"Pagination\">\n\t\t\t<span class=\"page-numbers prev\">Anterior<\/span>\n<a class=\"page-numbers next\" href=\"https:\/\/idheas.org.mx\/personas-defensoras-ddhh-periodistas\/wp-json\/wp\/v2\/pages\/740\/page\/2\/\">Siguiente<\/a>\t\t<\/nav>\n\t\t\t\t<\/div>\n\t\t\t\t<\/div>\n\t\t\t\t\t<\/div>\n\t\t<\/div>\n\t\t\t\t\t\t\t<\/div>\n\t\t<\/section>\n\t\t\t\t\t\t\t<\/div>\n\t\t","protected":false},"excerpt":{"rendered":"<p>B\u00fasqueda de personas desaparecidas<\/p>\n","protected":false},"author":1,"featured_media":0,"parent":0,"menu_order":0,"comment_status":"closed","ping_status":"closed","template":"","meta":{"footnotes":""},"class_list":["post-740","page","type-page","status-publish","hentry"],"_links":{"self":[{"href":"https:\/\/idheas.org.mx\/personas-defensoras-ddhh-periodistas\/wp-json\/wp\/v2\/pages\/740","targetHints":{"allow":["GET"]}}],"collection":[{"href":"https:\/\/idheas.org.mx\/personas-defensoras-ddhh-periodistas\/wp-json\/wp\/v2\/pages"}],"about":[{"href":"https:\/\/idheas.org.mx\/personas-defensoras-ddhh-periodistas\/wp-json\/wp\/v2\/types\/page"}],"author":[{"embeddable":true,"href":"https:\/\/idheas.org.mx\/personas-defensoras-ddhh-periodistas\/wp-json\/wp\/v2\/users\/1"}],"replies":[{"embeddable":true,"href":"https:\/\/idheas.org.mx\/personas-defensoras-ddhh-periodistas\/wp-json\/wp\/v2\/comments?post=740"}],"version-history":[{"count":3,"href":"https:\/\/idheas.org.mx\/personas-defensoras-ddhh-periodistas\/wp-json\/wp\/v2\/pages\/740\/revisions"}],"predecessor-version":[{"id":743,"href":"https:\/\/idheas.org.mx\/personas-defensoras-ddhh-periodistas\/wp-json\/wp\/v2\/pages\/740\/revisions\/743"}],"wp:attachment":[{"href":"https:\/\/idheas.org.mx\/personas-defensoras-ddhh-periodistas\/wp-json\/wp\/v2\/media?parent=740"}],"curies":[{"name":"wp","href":"https:\/\/api.w.org\/{rel}","templated":true}]}}