{"id":8,"date":"2022-11-20T17:05:17","date_gmt":"2022-11-20T22:05:17","guid":{"rendered":"https:\/\/idheas.org.mx\/personas-defensoras-ddhh-periodistas\/?page_id=8"},"modified":"2023-02-22T22:18:51","modified_gmt":"2023-02-23T03:18:51","slug":"home","status":"publish","type":"page","link":"https:\/\/idheas.org.mx\/personas-defensoras-ddhh-periodistas\/","title":{"rendered":"Home"},"content":{"rendered":"\t\t<div data-elementor-type=\"wp-page\" data-elementor-id=\"8\" class=\"elementor elementor-8\">\n\t\t\t\t\t\t\t\t\t<section class=\"elementor-section elementor-top-section elementor-element elementor-element-013992a elementor-section-boxed elementor-section-height-default elementor-section-height-default\" data-id=\"013992a\" data-element_type=\"section\" data-settings=\"{&quot;_ha_eqh_enable&quot;:false}\">\n\t\t\t\t\t\t\t<div class=\"elementor-background-overlay\"><\/div>\n\t\t\t\t\t\t\t<div class=\"elementor-container elementor-column-gap-default\">\n\t\t\t\t\t<div class=\"elementor-column elementor-col-100 elementor-top-column elementor-element elementor-element-91d9329\" data-id=\"91d9329\" data-element_type=\"column\">\n\t\t\t<div class=\"elementor-widget-wrap elementor-element-populated\">\n\t\t\t\t\t\t\t\t<div class=\"elementor-element elementor-element-56d1d32 elementor-widget elementor-widget-heading\" data-id=\"56d1d32\" data-element_type=\"widget\" data-widget_type=\"heading.default\">\n\t\t\t\t<div class=\"elementor-widget-container\">\n\t\t\t<style>\/*! elementor - v3.8.1 - 13-11-2022 *\/\n.elementor-heading-title{padding:0;margin:0;line-height:1}.elementor-widget-heading .elementor-heading-title[class*=elementor-size-]>a{color:inherit;font-size:inherit;line-height:inherit}.elementor-widget-heading .elementor-heading-title.elementor-size-small{font-size:15px}.elementor-widget-heading .elementor-heading-title.elementor-size-medium{font-size:19px}.elementor-widget-heading .elementor-heading-title.elementor-size-large{font-size:29px}.elementor-widget-heading .elementor-heading-title.elementor-size-xl{font-size:39px}.elementor-widget-heading .elementor-heading-title.elementor-size-xxl{font-size:59px}<\/style><h4 class=\"elementor-heading-title elementor-size-default\">#ProtejamosSusVoces<\/h4>\t\t<\/div>\n\t\t\t\t<\/div>\n\t\t\t\t<div class=\"elementor-element elementor-element-52751f2 elementor-widget elementor-widget-text-editor\" data-id=\"52751f2\" data-element_type=\"widget\" data-widget_type=\"text-editor.default\">\n\t\t\t\t<div class=\"elementor-widget-container\">\n\t\t\t<style>\/*! elementor - v3.8.1 - 13-11-2022 *\/\n.elementor-widget-text-editor.elementor-drop-cap-view-stacked .elementor-drop-cap{background-color:#818a91;color:#fff}.elementor-widget-text-editor.elementor-drop-cap-view-framed .elementor-drop-cap{color:#818a91;border:3px solid;background-color:transparent}.elementor-widget-text-editor:not(.elementor-drop-cap-view-default) .elementor-drop-cap{margin-top:8px}.elementor-widget-text-editor:not(.elementor-drop-cap-view-default) .elementor-drop-cap-letter{width:1em;height:1em}.elementor-widget-text-editor .elementor-drop-cap{float:left;text-align:center;line-height:1;font-size:50px}.elementor-widget-text-editor .elementor-drop-cap-letter{display:inline-block}<\/style>\t\t\t\t<p>#ProtejamosSusVoces es una iniciativa conjunta de varias embajadas de la Uni\u00f3n Europea, Suiza y Noruega que busca acompa\u00f1ar a las defensoras, defensores de derechos humanos y periodistas y contribuir a la visibilizaci\u00f3n de la labor que realizan en diferentes Estados de M\u00e9xico. Este sitio procura informar acerca de herramientas para la prevenci\u00f3n, promoci\u00f3n y respeto de los derechos humanos, como de mecanismos pr\u00e1cticos para la protecci\u00f3n, incidencia y litigio a nivel internacional que contribuya al mismo objetivo.<\/p><p>La informaci\u00f3n est\u00e1 dividida seg\u00fan\u00a0su fuente\u00a0 en cuatro apartados: 1) Sistema\u00a0Interamericano de\u00a0Protecci\u00f3n,\u00a0que a su vez se divide en Comisi\u00f3n Interamericana de DH y la Corte Interamericana de DH; 2)\u00a0Sistema\u00a0Universal de\u00a0Protecci\u00f3n de Naciones Unidas; 3) Informaci\u00f3n relevante sobre algunas organizaciones de la sociedad civil enfocada en el tema de derechos humanos;\u00a04) Convocatorias y\u00a0apoyo a defensores\u00a0por parte de las embajadas que forman parte de esta iniciativa y otros organismos relevantes<strong>;<\/strong>\u00a0y\u00a05) Blog,\u00a0un espacio de acceso personal exclusivo para los participantes de esta iniciativa.<\/p><p>La informaci\u00f3n de cada apartado\u00a0est\u00e1 dividida en seis rubros:<\/p><ol><li>B\u00fasqueda de personas desaparecidas.<\/li><li>Defensoras y defensores de derechos humanos.<\/li><li>Perspectiva de g\u00e9nero (incluye derechos de las mujeres y derechos de las personas LGBTTTIQ+).<\/li><li>Periodistas.<\/li><li>Pueblos ind\u00edgenas.<\/li><li>Defensores de la tierra y territorio.<\/li><\/ol><p>\u00a0<\/p>\t\t\t\t\t\t<\/div>\n\t\t\t\t<\/div>\n\t\t\t\t\t<\/div>\n\t\t<\/div>\n\t\t\t\t\t\t\t<\/div>\n\t\t<\/section>\n\t\t\t\t<section class=\"elementor-section elementor-top-section elementor-element elementor-element-1140479 elementor-section-boxed elementor-section-height-default elementor-section-height-default\" data-id=\"1140479\" data-element_type=\"section\" data-settings=\"{&quot;_ha_eqh_enable&quot;:false}\">\n\t\t\t\t\t\t<div class=\"elementor-container elementor-column-gap-default\">\n\t\t\t\t\t<div class=\"elementor-column elementor-col-100 elementor-top-column elementor-element elementor-element-30dbe93\" data-id=\"30dbe93\" data-element_type=\"column\">\n\t\t\t<div class=\"elementor-widget-wrap elementor-element-populated\">\n\t\t\t\t\t\t\t\t<div class=\"elementor-element elementor-element-3585053 elementor-widget-divider--separator-type-pattern elementor-widget-divider--no-spacing elementor-widget-divider--view-line elementor-widget elementor-widget-divider\" data-id=\"3585053\" data-element_type=\"widget\" data-widget_type=\"divider.default\">\n\t\t\t\t<div class=\"elementor-widget-container\">\n\t\t\t<style>\/*! elementor - v3.8.1 - 13-11-2022 *\/\n.elementor-widget-divider{--divider-border-style:none;--divider-border-width:1px;--divider-color:#2c2c2c;--divider-icon-size:20px;--divider-element-spacing:10px;--divider-pattern-height:24px;--divider-pattern-size:20px;--divider-pattern-url:none;--divider-pattern-repeat:repeat-x}.elementor-widget-divider .elementor-divider{display:-webkit-box;display:-ms-flexbox;display:flex}.elementor-widget-divider .elementor-divider__text{font-size:15px;line-height:1;max-width:95%}.elementor-widget-divider .elementor-divider__element{margin:0 var(--divider-element-spacing);-ms-flex-negative:0;flex-shrink:0}.elementor-widget-divider .elementor-icon{font-size:var(--divider-icon-size)}.elementor-widget-divider .elementor-divider-separator{display:-webkit-box;display:-ms-flexbox;display:flex;margin:0;direction:ltr}.elementor-widget-divider--view-line_icon .elementor-divider-separator,.elementor-widget-divider--view-line_text .elementor-divider-separator{-webkit-box-align:center;-ms-flex-align:center;align-items:center}.elementor-widget-divider--view-line_icon .elementor-divider-separator:after,.elementor-widget-divider--view-line_icon .elementor-divider-separator:before,.elementor-widget-divider--view-line_text .elementor-divider-separator:after,.elementor-widget-divider--view-line_text .elementor-divider-separator:before{display:block;content:\"\";border-bottom:0;-webkit-box-flex:1;-ms-flex-positive:1;flex-grow:1;border-top:var(--divider-border-width) var(--divider-border-style) var(--divider-color)}.elementor-widget-divider--element-align-left .elementor-divider .elementor-divider-separator>.elementor-divider__svg:first-of-type{-webkit-box-flex:0;-ms-flex-positive:0;flex-grow:0;-ms-flex-negative:100;flex-shrink:100}.elementor-widget-divider--element-align-left .elementor-divider-separator:before{content:none}.elementor-widget-divider--element-align-left .elementor-divider__element{margin-left:0}.elementor-widget-divider--element-align-right .elementor-divider .elementor-divider-separator>.elementor-divider__svg:last-of-type{-webkit-box-flex:0;-ms-flex-positive:0;flex-grow:0;-ms-flex-negative:100;flex-shrink:100}.elementor-widget-divider--element-align-right .elementor-divider-separator:after{content:none}.elementor-widget-divider--element-align-right .elementor-divider__element{margin-right:0}.elementor-widget-divider:not(.elementor-widget-divider--view-line_text):not(.elementor-widget-divider--view-line_icon) .elementor-divider-separator{border-top:var(--divider-border-width) var(--divider-border-style) var(--divider-color)}.elementor-widget-divider--separator-type-pattern{--divider-border-style:none}.elementor-widget-divider--separator-type-pattern.elementor-widget-divider--view-line .elementor-divider-separator,.elementor-widget-divider--separator-type-pattern:not(.elementor-widget-divider--view-line) .elementor-divider-separator:after,.elementor-widget-divider--separator-type-pattern:not(.elementor-widget-divider--view-line) .elementor-divider-separator:before,.elementor-widget-divider--separator-type-pattern:not([class*=elementor-widget-divider--view]) .elementor-divider-separator{width:100%;min-height:var(--divider-pattern-height);-webkit-mask-size:var(--divider-pattern-size) 100%;mask-size:var(--divider-pattern-size) 100%;-webkit-mask-repeat:var(--divider-pattern-repeat);mask-repeat:var(--divider-pattern-repeat);background-color:var(--divider-color);-webkit-mask-image:var(--divider-pattern-url);mask-image:var(--divider-pattern-url)}.elementor-widget-divider--no-spacing{--divider-pattern-size:auto}.elementor-widget-divider--bg-round{--divider-pattern-repeat:round}.rtl .elementor-widget-divider .elementor-divider__text{direction:rtl}.e-con-inner>.elementor-widget-divider,.e-con>.elementor-widget-divider{width:var(--container-widget-width,100%)}<\/style>\t\t<div class=\"elementor-divider\" style=\"--divider-pattern-url: url(&quot;data:image\/svg+xml,%3Csvg xmlns=&#039;http:\/\/www.w3.org\/2000\/svg&#039; preserveAspectRatio=&#039;xMidYMid meet&#039; overflow=&#039;visible&#039; height=&#039;100%&#039; viewBox=&#039;0 0 126 26&#039; fill=&#039;black&#039; stroke=&#039;none&#039;%3E%3Cpath d=&#039;M10.7,6l2.5,2.6l-4,4.3l4,5.4l-2.5,1.9l-4.5-5.2l-3.9,4.2L0.7,17L4,13.1L0,8.6l2.3-1.3l3.9,3.9L10.7,6z M23.9,6.6l4.2,4.5L32,7.2l2.3,1.3l-4,4.5l3.2,3.9L32,19.1l-3.9-3.3l-4.5,4.3l-2.5-1.9l4.4-5.1l-4.2-3.9L23.9,6.6zM73.5,6L76,8.6l-4,4.3l4,5.4l-2.5,1.9l-4.5-5.2l-3.9,4.2L63.5,17l4.1-4.7L63.5,8l2.3-1.3l4.1,3.6L73.5,6z M94,6l2.5,2.6l-4,4.3l4,5.4L94,20.1l-3.9-5l-3.9,4.2L84,17l3.2-3.9L84,8.6l2.3-1.3l3.2,3.9L94,6z M106.9,6l4.5,5.1l3.9-3.9l2.3,1.3l-4,4.5l3.2,3.9l-1.6,2.1l-3.9-4.2l-4.5,5.2l-2.5-1.9l4-5.4l-4-4.3L106.9,6z M53.1,6l2.5,2.6l-4,4.3l4,4.6l-2.5,1.9l-4.5-4.5l-3.5,4.5L43.1,17l3.2-3.9l-4-4.5l2.3-1.3l3.9,3.9L53.1,6z&#039;\/%3E%3C\/svg%3E&quot;);\">\n\t\t\t<span class=\"elementor-divider-separator\">\n\t\t\t\t\t\t<\/span>\n\t\t<\/div>\n\t\t\t\t<\/div>\n\t\t\t\t<\/div>\n\t\t\t\t<div class=\"elementor-element elementor-element-c7129e4 elementor-widget elementor-widget-heading\" data-id=\"c7129e4\" data-element_type=\"widget\" data-widget_type=\"heading.default\">\n\t\t\t\t<div class=\"elementor-widget-container\">\n\t\t\t<h2 class=\"elementor-heading-title elementor-size-default\">Publicaciones Recientes<\/h2>\t\t<\/div>\n\t\t\t\t<\/div>\n\t\t\t\t<div class=\"elementor-element elementor-element-d39299a elementor-grid-3 elementor-grid-tablet-2 elementor-grid-mobile-1 elementor-posts--thumbnail-top elementor-card-shadow-yes elementor-posts__hover-gradient elementor-widget elementor-widget-posts\" data-id=\"d39299a\" data-element_type=\"widget\" data-settings=\"{&quot;cards_columns&quot;:&quot;3&quot;,&quot;cards_columns_tablet&quot;:&quot;2&quot;,&quot;cards_columns_mobile&quot;:&quot;1&quot;,&quot;cards_row_gap&quot;:{&quot;unit&quot;:&quot;px&quot;,&quot;size&quot;:35,&quot;sizes&quot;:[]},&quot;cards_row_gap_tablet&quot;:{&quot;unit&quot;:&quot;px&quot;,&quot;size&quot;:&quot;&quot;,&quot;sizes&quot;:[]},&quot;cards_row_gap_mobile&quot;:{&quot;unit&quot;:&quot;px&quot;,&quot;size&quot;:&quot;&quot;,&quot;sizes&quot;:[]}}\" data-widget_type=\"posts.cards\">\n\t\t\t\t<div class=\"elementor-widget-container\">\n\t\t\t<link rel=\"stylesheet\" href=\"https:\/\/idheas.org.mx\/personas-defensoras-ddhh-periodistas\/wp-content\/plugins\/elementor-pro\/assets\/css\/widget-posts.min.css\">\t\t<div class=\"elementor-posts-container elementor-posts elementor-posts--skin-cards elementor-grid\">\n\t\t\t\t<article class=\"elementor-post elementor-grid-item post-1231 post type-post status-publish format-standard has-post-thumbnail hentry category-blog\">\n\t\t\t<div class=\"elementor-post__card\">\n\t\t\t\t<a class=\"elementor-post__thumbnail__link\" href=\"https:\/\/idheas.org.mx\/personas-defensoras-ddhh-periodistas\/seguridad-digital-para-la-proteccion-de-datos-de-las-defensoras-defensores-de-derechos-humanos-y-periodistas-segundo-webinar-sobre-seguridad-digital\/\" ><div class=\"elementor-post__thumbnail\"><img loading=\"lazy\" decoding=\"async\" width=\"300\" height=\"174\" src=\"https:\/\/idheas.org.mx\/personas-defensoras-ddhh-periodistas\/wp-content\/uploads\/2023\/03\/seguridad-300x174.png\" class=\"attachment-medium size-medium\" alt=\"\" srcset=\"https:\/\/idheas.org.mx\/personas-defensoras-ddhh-periodistas\/wp-content\/uploads\/2023\/03\/seguridad-300x174.png 300w, https:\/\/idheas.org.mx\/personas-defensoras-ddhh-periodistas\/wp-content\/uploads\/2023\/03\/seguridad-1024x595.png 1024w, https:\/\/idheas.org.mx\/personas-defensoras-ddhh-periodistas\/wp-content\/uploads\/2023\/03\/seguridad-768x446.png 768w, https:\/\/idheas.org.mx\/personas-defensoras-ddhh-periodistas\/wp-content\/uploads\/2023\/03\/seguridad.png 1143w\" sizes=\"auto, (max-width: 300px) 100vw, 300px\" \/><\/div><\/a>\n\t\t\t\t<div class=\"elementor-post__badge\">Blog<\/div>\n\t\t\t\t<div class=\"elementor-post__text\">\n\t\t\t\t<h3 class=\"elementor-post__title\">\n\t\t\t<a href=\"https:\/\/idheas.org.mx\/personas-defensoras-ddhh-periodistas\/seguridad-digital-para-la-proteccion-de-datos-de-las-defensoras-defensores-de-derechos-humanos-y-periodistas-segundo-webinar-sobre-seguridad-digital\/\" >\n\t\t\t\tSeguridad digital para la protecci\u00f3n de datos de las defensoras, defensores de derechos humanos y periodistas.Segundo Webinar sobre seguridad digital\t\t\t<\/a>\n\t\t<\/h3>\n\t\t\t\t<\/div>\n\t\t\t\t<div class=\"elementor-post__meta-data\">\n\t\t\t\t\t<span class=\"elementor-post-date\">\n\t\t\t30 marzo, 2023\t\t<\/span>\n\t\t\t\t<\/div>\n\t\t\t\t\t<\/div>\n\t\t<\/article>\n\t\t\t\t<article class=\"elementor-post elementor-grid-item post-1170 post type-post status-publish format-standard has-post-thumbnail hentry category-blog\">\n\t\t\t<div class=\"elementor-post__card\">\n\t\t\t\t<a class=\"elementor-post__thumbnail__link\" href=\"https:\/\/idheas.org.mx\/personas-defensoras-ddhh-periodistas\/1170-2\/\" ><div class=\"elementor-post__thumbnail\"><img loading=\"lazy\" decoding=\"async\" width=\"300\" height=\"177\" src=\"https:\/\/idheas.org.mx\/personas-defensoras-ddhh-periodistas\/wp-content\/uploads\/2023\/03\/2023-03-30-300x177.png\" class=\"attachment-medium size-medium\" alt=\"\" srcset=\"https:\/\/idheas.org.mx\/personas-defensoras-ddhh-periodistas\/wp-content\/uploads\/2023\/03\/2023-03-30-300x177.png 300w, https:\/\/idheas.org.mx\/personas-defensoras-ddhh-periodistas\/wp-content\/uploads\/2023\/03\/2023-03-30-1024x604.png 1024w, https:\/\/idheas.org.mx\/personas-defensoras-ddhh-periodistas\/wp-content\/uploads\/2023\/03\/2023-03-30-768x453.png 768w, https:\/\/idheas.org.mx\/personas-defensoras-ddhh-periodistas\/wp-content\/uploads\/2023\/03\/2023-03-30.png 1447w\" sizes=\"auto, (max-width: 300px) 100vw, 300px\" \/><\/div><\/a>\n\t\t\t\t<div class=\"elementor-post__badge\">Blog<\/div>\n\t\t\t\t<div class=\"elementor-post__text\">\n\t\t\t\t<h3 class=\"elementor-post__title\">\n\t\t\t<a href=\"https:\/\/idheas.org.mx\/personas-defensoras-ddhh-periodistas\/1170-2\/\" >\n\t\t\t\tSeguridad f\u00edsica y an\u00e1lisis de riesgo para la protecci\u00f3n de las defensoras, defensores de derechos humanos y periodistas en M\u00e9xico.\t\t\t<\/a>\n\t\t<\/h3>\n\t\t\t\t<\/div>\n\t\t\t\t<div class=\"elementor-post__meta-data\">\n\t\t\t\t\t<span class=\"elementor-post-date\">\n\t\t\t28 marzo, 2023\t\t<\/span>\n\t\t\t\t<\/div>\n\t\t\t\t\t<\/div>\n\t\t<\/article>\n\t\t\t\t<article class=\"elementor-post elementor-grid-item post-723 post type-post status-publish format-standard has-post-thumbnail hentry category-pueblo-indigenas\">\n\t\t\t<div class=\"elementor-post__card\">\n\t\t\t\t<a class=\"elementor-post__thumbnail__link\" href=\"https:\/\/idheas.org.mx\/personas-defensoras-ddhh-periodistas\/los-pueblos-indigenas-y-la-recuperacion-de-la-enfermedad-por-coronavirus-covid-19\/\" ><div class=\"elementor-post__thumbnail\"><img loading=\"lazy\" decoding=\"async\" width=\"300\" height=\"176\" src=\"https:\/\/idheas.org.mx\/personas-defensoras-ddhh-periodistas\/wp-content\/uploads\/2022\/11\/imagenidheas-300x176.png\" class=\"attachment-medium size-medium\" alt=\"\" srcset=\"https:\/\/idheas.org.mx\/personas-defensoras-ddhh-periodistas\/wp-content\/uploads\/2022\/11\/imagenidheas-300x176.png 300w, https:\/\/idheas.org.mx\/personas-defensoras-ddhh-periodistas\/wp-content\/uploads\/2022\/11\/imagenidheas-1024x600.png 1024w, https:\/\/idheas.org.mx\/personas-defensoras-ddhh-periodistas\/wp-content\/uploads\/2022\/11\/imagenidheas-768x450.png 768w, https:\/\/idheas.org.mx\/personas-defensoras-ddhh-periodistas\/wp-content\/uploads\/2022\/11\/imagenidheas.png 1036w\" sizes=\"auto, (max-width: 300px) 100vw, 300px\" \/><\/div><\/a>\n\t\t\t\t<div class=\"elementor-post__badge\">Pueblo Indigenas<\/div>\n\t\t\t\t<div class=\"elementor-post__text\">\n\t\t\t\t<h3 class=\"elementor-post__title\">\n\t\t\t<a href=\"https:\/\/idheas.org.mx\/personas-defensoras-ddhh-periodistas\/los-pueblos-indigenas-y-la-recuperacion-de-la-enfermedad-por-coronavirus-covid-19\/\" >\n\t\t\t\tLos pueblos ind\u00edgenas y la recuperaci\u00f3n de la enfermedad por coronavirus (COVID-19)\t\t\t<\/a>\n\t\t<\/h3>\n\t\t\t\t<\/div>\n\t\t\t\t<div class=\"elementor-post__meta-data\">\n\t\t\t\t\t<span class=\"elementor-post-date\">\n\t\t\t22 noviembre, 2022\t\t<\/span>\n\t\t\t\t<\/div>\n\t\t\t\t\t<\/div>\n\t\t<\/article>\n\t\t\t\t<\/div>\n\t\t\n\t\t\t\t<\/div>\n\t\t\t\t<\/div>\n\t\t\t\t\t<\/div>\n\t\t<\/div>\n\t\t\t\t\t\t\t<\/div>\n\t\t<\/section>\n\t\t\t\t\t\t\t<\/div>\n\t\t","protected":false},"excerpt":{"rendered":"<p>#ProtejamosSusVoces #ProtejamosSusVoces es una iniciativa conjunta de varias embajadas de la Uni\u00f3n Europea, Suiza y Noruega que busca acompa\u00f1ar a las defensoras, defensores de derechos<\/p>\n","protected":false},"author":1,"featured_media":0,"parent":0,"menu_order":0,"comment_status":"closed","ping_status":"closed","template":"","meta":{"footnotes":""},"class_list":["post-8","page","type-page","status-publish","hentry"],"_links":{"self":[{"href":"https:\/\/idheas.org.mx\/personas-defensoras-ddhh-periodistas\/wp-json\/wp\/v2\/pages\/8","targetHints":{"allow":["GET"]}}],"collection":[{"href":"https:\/\/idheas.org.mx\/personas-defensoras-ddhh-periodistas\/wp-json\/wp\/v2\/pages"}],"about":[{"href":"https:\/\/idheas.org.mx\/personas-defensoras-ddhh-periodistas\/wp-json\/wp\/v2\/types\/page"}],"author":[{"embeddable":true,"href":"https:\/\/idheas.org.mx\/personas-defensoras-ddhh-periodistas\/wp-json\/wp\/v2\/users\/1"}],"replies":[{"embeddable":true,"href":"https:\/\/idheas.org.mx\/personas-defensoras-ddhh-periodistas\/wp-json\/wp\/v2\/comments?post=8"}],"version-history":[{"count":37,"href":"https:\/\/idheas.org.mx\/personas-defensoras-ddhh-periodistas\/wp-json\/wp\/v2\/pages\/8\/revisions"}],"predecessor-version":[{"id":1037,"href":"https:\/\/idheas.org.mx\/personas-defensoras-ddhh-periodistas\/wp-json\/wp\/v2\/pages\/8\/revisions\/1037"}],"wp:attachment":[{"href":"https:\/\/idheas.org.mx\/personas-defensoras-ddhh-periodistas\/wp-json\/wp\/v2\/media?parent=8"}],"curies":[{"name":"wp","href":"https:\/\/api.w.org\/{rel}","templated":true}]}}