{"id":937,"date":"2023-02-16T20:59:00","date_gmt":"2023-02-17T01:59:00","guid":{"rendered":"https:\/\/idheas.org.mx\/personas-defensoras-ddhh-periodistas\/?page_id=937"},"modified":"2023-06-27T10:11:00","modified_gmt":"2023-06-27T15:11:00","slug":"convocatorias-de-francia","status":"publish","type":"page","link":"https:\/\/idheas.org.mx\/personas-defensoras-ddhh-periodistas\/convocatorias-de-francia\/","title":{"rendered":"Convocatorias de Francia"},"content":{"rendered":"\t\t<div data-elementor-type=\"wp-page\" data-elementor-id=\"937\" class=\"elementor elementor-937\">\n\t\t\t\t\t\t\t\t\t<section class=\"elementor-section elementor-top-section elementor-element elementor-element-16746d60 elementor-section-boxed elementor-section-height-default elementor-section-height-default\" data-id=\"16746d60\" data-element_type=\"section\" id=\"info_section\" data-settings=\"{&quot;_ha_eqh_enable&quot;:false}\">\n\t\t\t\t\t\t<div class=\"elementor-container elementor-column-gap-default\">\n\t\t\t\t\t<div class=\"elementor-column elementor-col-100 elementor-top-column elementor-element elementor-element-66ec0716\" data-id=\"66ec0716\" data-element_type=\"column\">\n\t\t\t<div class=\"elementor-widget-wrap elementor-element-populated\">\n\t\t\t\t\t\t\t\t<div class=\"elementor-element elementor-element-5016c8a1 elementor-widget-tablet__width-initial elementor-widget-mobile__width-initial elementor-widget elementor-widget-heading\" data-id=\"5016c8a1\" data-element_type=\"widget\" data-widget_type=\"heading.default\">\n\t\t\t\t<div class=\"elementor-widget-container\">\n\t\t\t<style>\/*! elementor - v3.8.1 - 13-11-2022 *\/\n.elementor-heading-title{padding:0;margin:0;line-height:1}.elementor-widget-heading .elementor-heading-title[class*=elementor-size-]>a{color:inherit;font-size:inherit;line-height:inherit}.elementor-widget-heading .elementor-heading-title.elementor-size-small{font-size:15px}.elementor-widget-heading .elementor-heading-title.elementor-size-medium{font-size:19px}.elementor-widget-heading .elementor-heading-title.elementor-size-large{font-size:29px}.elementor-widget-heading .elementor-heading-title.elementor-size-xl{font-size:39px}.elementor-widget-heading .elementor-heading-title.elementor-size-xxl{font-size:59px}<\/style><h2 class=\"elementor-heading-title elementor-size-default\">Convocatorias de Francia <\/h2>\t\t<\/div>\n\t\t\t\t<\/div>\n\t\t\t\t<div class=\"elementor-element elementor-element-fa9b3e1 eael-dual-header-content-align-left elementor-widget elementor-widget-eael-dual-color-header\" data-id=\"fa9b3e1\" data-element_type=\"widget\" data-widget_type=\"eael-dual-color-header.default\">\n\t\t\t\t<div class=\"elementor-widget-container\">\n\t\t\t\n\t\t        <div class=\"eael-dual-header\">\n\t\t\t\t<h2 class=\"title\"><span  class=\"lead solid-color\"><\/span> <span><\/span><\/h2>\n\t\t\t\t<span class=\"subtext\"><h5><strong>Iniciativa Marianne: Convocatoria 2024 en apoyo a los defensores de los derechos humanos.<\/strong><\/h5><\/span>\n\t\t\t\t<\/div>\n\t\n\t\t\n\t\t\n\t\t\n\t\t\t\t<\/div>\n\t\t\t\t<\/div>\n\t\t\t\t<div class=\"elementor-element elementor-element-2aa8527 eael-dual-header-content-align-left elementor-widget elementor-widget-eael-dual-color-header\" data-id=\"2aa8527\" data-element_type=\"widget\" data-widget_type=\"eael-dual-color-header.default\">\n\t\t\t\t<div class=\"elementor-widget-container\">\n\t\t\t\n\t\t        <div class=\"eael-dual-header\">\n\t\t\t\t<h2 class=\"title\"><span  class=\"lead solid-color\"><\/span> <span><\/span><\/h2>\n\t\t\t\t<span class=\"subtext\"><p>La iniciativa Marianne para los defensores de los derechos humanos busca apoyar mejor a los defensores de los derechos humanos en sus luchas (<a class=\"spip_url spip_out auto\" href=\"http:\/\/www.initiativemarianne.fr\/\" target=\"_blank\" rel=\"noopener noreferrer nofollow external\">www.initiativemarianne.fr<\/a>).<\/p><p>El programa de acogida en Francia incluye:<\/p><ul><li>Alojamiento cerca de Par\u00eds por 6 meses entre enero y julio de 2024.\u00a0<\/li><li>Una beca mensual para las necesidades diarias.<\/li><li>Apoyo personalizado y trabajo en red con defensores de los derechos humanos durante 6 meses.<\/li><\/ul><p>\u00a0<\/p><p>Pasados los 6 meses, los participantes dejar\u00e1n de beneficiarse de la beca, el alojamiento y el apoyo que ofrece el programa.<\/p><p><strong>La participaci\u00f3n es individual<\/strong> y no incluye la posibilidad de que los galardonados est\u00e9n acompa\u00f1ados.<\/p><p>Las\u00a0<a href=\"https:\/\/www.demarches-simplifiees.fr\/commencer\/formulaire-candidature-initiative-marianne-2024\" target=\"_blank\" rel=\"noopener noreferrer\">candidaturas<\/a>\u00a0s\u00f3lo pueden presentarse a trav\u00e9s de la plataforma \"<a href=\"https:\/\/www.demarches-simplifiees.fr\/\" target=\"_blank\" rel=\"noopener noreferrer\">https:\/\/www.demarches-simplifiees.fr<\/a>\", donde es necesario crear una cuenta y rellenar un formulario de candidatura. Las solicitudes son gestionadas directamente por el Comit\u00e9 de Selecci\u00f3n de la Iniciativa Marianne.<\/p><p>M\u00e1s informaci\u00f3n <a href=\"https:\/\/mx.ambafrance.org\/Iniciativa-Marianne-Convocatoria-2024-en-apoyo-a-los-defensores-de-los-derechos\" target=\"_blank\" rel=\"noopener noreferrer\">aqu\u00ed<\/a>\u00a0en la p\u00e1gina de la Embajada de Francia en M\u00e9xico.<\/p><p><strong class=\"caractencadre-spip spip\">La fecha l\u00edmite <\/strong>para la presentaci\u00f3n de candidaturas es el<strong class=\"caractencadre-spip spip\"> 1 de julio de 2023, a las 11h59 PM (hora de Par\u00eds) \/ 4h59 PM (hora CDMX).<\/strong><\/p><\/span>\n\t\t\t\t<\/div>\n\t\n\t\t\n\t\t\n\t\t\n\t\t\t\t<\/div>\n\t\t\t\t<\/div>\n\t\t\t\t<div class=\"elementor-element elementor-element-abbb558 elementor-widget-divider--separator-type-pattern elementor-widget-divider--no-spacing elementor-widget-divider--view-line elementor-widget elementor-widget-divider\" data-id=\"abbb558\" data-element_type=\"widget\" data-widget_type=\"divider.default\">\n\t\t\t\t<div class=\"elementor-widget-container\">\n\t\t\t<style>\/*! elementor - v3.8.1 - 13-11-2022 *\/\n.elementor-widget-divider{--divider-border-style:none;--divider-border-width:1px;--divider-color:#2c2c2c;--divider-icon-size:20px;--divider-element-spacing:10px;--divider-pattern-height:24px;--divider-pattern-size:20px;--divider-pattern-url:none;--divider-pattern-repeat:repeat-x}.elementor-widget-divider .elementor-divider{display:-webkit-box;display:-ms-flexbox;display:flex}.elementor-widget-divider .elementor-divider__text{font-size:15px;line-height:1;max-width:95%}.elementor-widget-divider .elementor-divider__element{margin:0 var(--divider-element-spacing);-ms-flex-negative:0;flex-shrink:0}.elementor-widget-divider .elementor-icon{font-size:var(--divider-icon-size)}.elementor-widget-divider .elementor-divider-separator{display:-webkit-box;display:-ms-flexbox;display:flex;margin:0;direction:ltr}.elementor-widget-divider--view-line_icon .elementor-divider-separator,.elementor-widget-divider--view-line_text .elementor-divider-separator{-webkit-box-align:center;-ms-flex-align:center;align-items:center}.elementor-widget-divider--view-line_icon .elementor-divider-separator:after,.elementor-widget-divider--view-line_icon .elementor-divider-separator:before,.elementor-widget-divider--view-line_text .elementor-divider-separator:after,.elementor-widget-divider--view-line_text .elementor-divider-separator:before{display:block;content:\"\";border-bottom:0;-webkit-box-flex:1;-ms-flex-positive:1;flex-grow:1;border-top:var(--divider-border-width) var(--divider-border-style) var(--divider-color)}.elementor-widget-divider--element-align-left .elementor-divider .elementor-divider-separator>.elementor-divider__svg:first-of-type{-webkit-box-flex:0;-ms-flex-positive:0;flex-grow:0;-ms-flex-negative:100;flex-shrink:100}.elementor-widget-divider--element-align-left .elementor-divider-separator:before{content:none}.elementor-widget-divider--element-align-left .elementor-divider__element{margin-left:0}.elementor-widget-divider--element-align-right .elementor-divider .elementor-divider-separator>.elementor-divider__svg:last-of-type{-webkit-box-flex:0;-ms-flex-positive:0;flex-grow:0;-ms-flex-negative:100;flex-shrink:100}.elementor-widget-divider--element-align-right .elementor-divider-separator:after{content:none}.elementor-widget-divider--element-align-right .elementor-divider__element{margin-right:0}.elementor-widget-divider:not(.elementor-widget-divider--view-line_text):not(.elementor-widget-divider--view-line_icon) .elementor-divider-separator{border-top:var(--divider-border-width) var(--divider-border-style) var(--divider-color)}.elementor-widget-divider--separator-type-pattern{--divider-border-style:none}.elementor-widget-divider--separator-type-pattern.elementor-widget-divider--view-line .elementor-divider-separator,.elementor-widget-divider--separator-type-pattern:not(.elementor-widget-divider--view-line) .elementor-divider-separator:after,.elementor-widget-divider--separator-type-pattern:not(.elementor-widget-divider--view-line) .elementor-divider-separator:before,.elementor-widget-divider--separator-type-pattern:not([class*=elementor-widget-divider--view]) .elementor-divider-separator{width:100%;min-height:var(--divider-pattern-height);-webkit-mask-size:var(--divider-pattern-size) 100%;mask-size:var(--divider-pattern-size) 100%;-webkit-mask-repeat:var(--divider-pattern-repeat);mask-repeat:var(--divider-pattern-repeat);background-color:var(--divider-color);-webkit-mask-image:var(--divider-pattern-url);mask-image:var(--divider-pattern-url)}.elementor-widget-divider--no-spacing{--divider-pattern-size:auto}.elementor-widget-divider--bg-round{--divider-pattern-repeat:round}.rtl .elementor-widget-divider .elementor-divider__text{direction:rtl}.e-con-inner>.elementor-widget-divider,.e-con>.elementor-widget-divider{width:var(--container-widget-width,100%)}<\/style>\t\t<div class=\"elementor-divider\" style=\"--divider-pattern-url: url(&quot;data:image\/svg+xml,%3Csvg xmlns=&#039;http:\/\/www.w3.org\/2000\/svg&#039; preserveAspectRatio=&#039;xMidYMid meet&#039; overflow=&#039;visible&#039; height=&#039;100%&#039; viewBox=&#039;0 0 126 26&#039; fill=&#039;black&#039; stroke=&#039;none&#039;%3E%3Cpath d=&#039;M3,10.2c2.6,0,2.6,2,2.6,3.2S4.4,16.5,3,16.5s-3-1.4-3-3.2S0.4,10.2,3,10.2z M18.8,10.2c1.7,0,3.2,1.4,3.2,3.2s-1.4,3.2-3.2,3.2c-1.7,0-3.2-1.4-3.2-3.2S17,10.2,18.8,10.2z M34.6,10.2c1.5,0,2.6,1.4,2.6,3.2s-0.5,3.2-1.9,3.2c-1.5,0-3.4-1.4-3.4-3.2S33.1,10.2,34.6,10.2z M50.5,10.2c1.7,0,3.2,1.4,3.2,3.2s-1.4,3.2-3.2,3.2c-1.7,0-3.3-0.9-3.3-2.6S48.7,10.2,50.5,10.2z M66.2,10.2c1.5,0,3.4,1.4,3.4,3.2s-1.9,3.2-3.4,3.2c-1.5,0-2.6-0.4-2.6-2.1S64.8,10.2,66.2,10.2z M82.2,10.2c1.7,0.8,2.6,1.4,2.6,3.2s-0.1,3.2-1.6,3.2c-1.5,0-3.7-1.4-3.7-3.2S80.5,9.4,82.2,10.2zM98.6,10.2c1.5,0,2.6,0.4,2.6,2.1s-1.2,4.2-2.6,4.2c-1.5,0-3.7-0.4-3.7-2.1S97.1,10.2,98.6,10.2z M113.4,10.2c1.2,0,2.2,0.9,2.2,3.2s-0.1,3.2-1.3,3.2s-3.1-1.4-3.1-3.2S112.2,10.2,113.4,10.2z&#039;\/%3E%3C\/svg%3E&quot;);\">\n\t\t\t<span class=\"elementor-divider-separator\">\n\t\t\t\t\t\t<\/span>\n\t\t<\/div>\n\t\t\t\t<\/div>\n\t\t\t\t<\/div>\n\t\t\t\t<div class=\"elementor-element elementor-element-6d3aeb48 eael-dual-header-content-align-left elementor-widget elementor-widget-eael-dual-color-header\" data-id=\"6d3aeb48\" data-element_type=\"widget\" data-widget_type=\"eael-dual-color-header.default\">\n\t\t\t\t<div class=\"elementor-widget-container\">\n\t\t\t\n\t\t        <div class=\"eael-dual-header\">\n\t\t\t\t<h2 class=\"title\"><span  class=\"lead solid-color\"><\/span> <span><\/span><\/h2>\n\t\t\t\t<span class=\"subtext\"><h5><strong>5ta Edici\u00f3n del Premio Breach \/ Valdez de Periodismo y Derechos Humanos abre convocatoria 2023.<\/strong><\/h5><\/span>\n\t\t\t\t<\/div>\n\t\n\t\t\n\t\t\n\t\t\n\t\t\t\t<\/div>\n\t\t\t\t<\/div>\n\t\t\t\t<div class=\"elementor-element elementor-element-279fa56 eael-dual-header-content-align-left elementor-widget elementor-widget-eael-dual-color-header\" data-id=\"279fa56\" data-element_type=\"widget\" data-widget_type=\"eael-dual-color-header.default\">\n\t\t\t\t<div class=\"elementor-widget-container\">\n\t\t\t\n\t\t        <div class=\"eael-dual-header\">\n\t\t\t\t<h2 class=\"title\"><span  class=\"lead solid-color\"><\/span> <span><\/span><\/h2>\n\t\t\t\t<span class=\"subtext\"><p>El Centro de Informaci\u00f3n de las Naciones Unidas <strong>(CINU)<\/strong>; la Oficina en M\u00e9xico del Alto Comisionado de las Naciones Unidas para los Derechos Humanos <strong>(ONU-DH)<\/strong>; la Organizaci\u00f3n de las Naciones Unidas para la Educaci\u00f3n, la Ciencia y la Cultura <strong>(UNESCO)<\/strong>; el Fondo de Naciones Unidas para la Infancia <strong>(UNICEF)<\/strong>; la Oficina de las Naciones Unidas contra la Droga y el Delito <strong>(UNODC)<\/strong>; la Uni\u00f3n Europea en M\u00e9xico <strong>(UE)<\/strong>; la Embajada de\u00a0Francia\u00a0en M\u00e9xico; la Embajada de\u00a0Suiza\u00a0en M\u00e9xico; el Programa Prensa y Democracia de la\u00a0Universidad Iberoamericana\u00a0y su \u00e1rea de Periodismo; la Agencia Francesa de Prensa <strong>(AFP)<\/strong> y Reporteros sin Fronteras <strong>(RSF)<\/strong> lanzaron la quinta edici\u00f3n del Premio Breach \/ Valdez de Periodismo y Derechos Humanos.<\/p><p>La recepci\u00f3n de trabajos se realizar\u00e1 del 24 de enero al 10 de marzo y la premiaci\u00f3n se llevar\u00e1 a cabo el 3 de mayo de 2023 en el marco del D\u00eda Mundial de la Libertad de Prensa. Seg\u00fan se detalla en las bases de la convocatoria,\u00a0<strong>los galardones constan de un premio monetario, patrocinado por la Uni\u00f3n Europea; un viaje formativo a Europa, patrocinado por Francia y Suiza, y un viaje a Nueva York patrocinado por UNICEF\u00a0<\/strong>para sostener diversos encuentros con la intenci\u00f3n de ampliar la informaci\u00f3n sobre la situaci\u00f3n de quienes ejercen el periodismo en M\u00e9xico y generar redes; y una\u00a0<strong>beca doble en la Universidad Iberoamericana\u00a0<\/strong>campus Santa Fe, con duraci\u00f3n de hasta un a\u00f1o.<\/p><p>Las organizaciones invitan a las y los periodistas a participar en la convocatoria, que se puede descargar aqu\u00ed:\u00a0<a href=\"https:\/\/www.cinu.mx\/minisitio\/premio-breach-valdez-2023\/convocatoria\/\">https:\/\/www.premiobreachvaldez.mx<\/a><\/p><p>Los trabajos ser\u00e1n recibidos\u00a0<strong>del 24 de enero al 10 de marzo de 2023\u00a0<\/strong>(hasta las 23:59 horas del centro de M\u00e9xico).<\/p><p>Para mayor informaci\u00f3n ingresar al siguiente link <a href=\"https:\/\/www.unodc.org\/lpomex\/noticias\/enero-2023\/5ta-edicion-del-premio-breach---valdez-de-periodismo-y-derechos-humanos-abre-convocatoria-2023.html\">https:\/\/www.unodc.org\/lpomex\/noticias\/enero-2023\/5ta-edicion-del-premio-breach---valdez-de-periodismo-y-derechos-humanos-abre-convocatoria-2023.html<\/a><\/p><\/span>\n\t\t\t\t<\/div>\n\t\n\t\t\n\t\t\n\t\t\n\t\t\t\t<\/div>\n\t\t\t\t<\/div>\n\t\t\t\t\t<\/div>\n\t\t<\/div>\n\t\t\t\t\t\t\t<\/div>\n\t\t<\/section>\n\t\t\t\t\t\t\t<\/div>\n\t\t","protected":false},"excerpt":{"rendered":"<p>Convocatorias de Francia Iniciativa Marianne: Convocatoria 2024 en apoyo a los defensores de los derechos humanos. La iniciativa Marianne para los defensores de los derechos humanos busca apoyar mejor a los defensores de los derechos humanos en sus luchas (www.initiativemarianne.fr). El programa de acogida en Francia incluye: Alojamiento cerca de Par\u00eds por 6 meses entre [&hellip;]<\/p>\n","protected":false},"author":1,"featured_media":0,"parent":0,"menu_order":0,"comment_status":"closed","ping_status":"closed","template":"","meta":{"footnotes":""},"class_list":["post-937","page","type-page","status-publish","hentry"],"_links":{"self":[{"href":"https:\/\/idheas.org.mx\/personas-defensoras-ddhh-periodistas\/wp-json\/wp\/v2\/pages\/937","targetHints":{"allow":["GET"]}}],"collection":[{"href":"https:\/\/idheas.org.mx\/personas-defensoras-ddhh-periodistas\/wp-json\/wp\/v2\/pages"}],"about":[{"href":"https:\/\/idheas.org.mx\/personas-defensoras-ddhh-periodistas\/wp-json\/wp\/v2\/types\/page"}],"author":[{"embeddable":true,"href":"https:\/\/idheas.org.mx\/personas-defensoras-ddhh-periodistas\/wp-json\/wp\/v2\/users\/1"}],"replies":[{"embeddable":true,"href":"https:\/\/idheas.org.mx\/personas-defensoras-ddhh-periodistas\/wp-json\/wp\/v2\/comments?post=937"}],"version-history":[{"count":8,"href":"https:\/\/idheas.org.mx\/personas-defensoras-ddhh-periodistas\/wp-json\/wp\/v2\/pages\/937\/revisions"}],"predecessor-version":[{"id":1305,"href":"https:\/\/idheas.org.mx\/personas-defensoras-ddhh-periodistas\/wp-json\/wp\/v2\/pages\/937\/revisions\/1305"}],"wp:attachment":[{"href":"https:\/\/idheas.org.mx\/personas-defensoras-ddhh-periodistas\/wp-json\/wp\/v2\/media?parent=937"}],"curies":[{"name":"wp","href":"https:\/\/api.w.org\/{rel}","templated":true}]}}